{"id":26,"date":"2025-07-07T11:15:20","date_gmt":"2025-07-07T11:15:20","guid":{"rendered":"https:\/\/im4cfo.innovationacademy.se\/kontakt\/"},"modified":"2025-10-24T02:29:40","modified_gmt":"2025-10-24T00:29:40","slug":"kontakt","status":"publish","type":"page","link":"https:\/\/im4cfo.innovationacademy.se\/sv\/start\/kontakt\/","title":{"rendered":"Kontakt"},"content":{"rendered":"\n<div class=\"wp-block-group alignfull has-background-background-color has-background has-global-padding is-layout-constrained wp-block-group-is-layout-constrained\" style=\"margin-top:0;margin-bottom:0;padding-top:24px;padding-bottom:24px\">\n<div class=\"wp-block-columns alignwide are-vertically-aligned-center is-layout-flex wp-container-core-columns-is-layout-87beb0d0 wp-block-columns-is-layout-flex\">\n<div class=\"wp-block-column is-vertically-aligned-center is-layout-flow wp-block-column-is-layout-flow\">\n<h1 class=\"wp-block-heading alignwide has-text-align-left\" style=\"font-size:clamp(1.188rem, 1.188rem + ((1vw - 0.2rem) * 1.153), 1.88rem);\">Kontakt<\/h1>\n<\/div>\n\n\n\n<div class=\"wp-block-column is-vertically-aligned-center is-layout-flow wp-block-column-is-layout-flow\">\n<div class=\"wp-block-cover is-light has-aspect-ratio\" style=\"border-radius:1rem;padding-top:0;padding-bottom:0;aspect-ratio:auto;min-height:unset;\"><img loading=\"lazy\" decoding=\"async\" width=\"1440\" height=\"960\" class=\"wp-block-cover__image-background wp-image-77\" alt=\"\" src=\"https:\/\/im4cfo.innovationacademy.se\/wp-content\/uploads\/2025\/10\/e6bd565965060ecdcdea374928784c69283ec2fe.jpg\" data-object-fit=\"cover\" srcset=\"https:\/\/im4cfo.innovationacademy.se\/wp-content\/uploads\/2025\/10\/e6bd565965060ecdcdea374928784c69283ec2fe.jpg 1440w, https:\/\/im4cfo.innovationacademy.se\/wp-content\/uploads\/2025\/10\/e6bd565965060ecdcdea374928784c69283ec2fe-300x200.jpg 300w, https:\/\/im4cfo.innovationacademy.se\/wp-content\/uploads\/2025\/10\/e6bd565965060ecdcdea374928784c69283ec2fe-1024x683.jpg 1024w, https:\/\/im4cfo.innovationacademy.se\/wp-content\/uploads\/2025\/10\/e6bd565965060ecdcdea374928784c69283ec2fe-768x512.jpg 768w, https:\/\/im4cfo.innovationacademy.se\/wp-content\/uploads\/2025\/10\/e6bd565965060ecdcdea374928784c69283ec2fe-18x12.jpg 18w\" sizes=\"auto, (max-width: 1440px) 100vw, 1440px\" \/><span aria-hidden=\"true\" class=\"wp-block-cover__background has-background-dim-0 has-background-dim\"><\/span><div class=\"wp-block-cover__inner-container has-global-padding is-layout-constrained wp-block-cover-is-layout-constrained\">\n<div style=\"height:128px\" aria-hidden=\"true\" class=\"wp-block-spacer\"><\/div>\n<\/div><\/div>\n<\/div>\n<\/div>\n<\/div>\n\n<div class=\"wp-block-group alignfull has-background-background-color has-background has-global-padding is-layout-constrained wp-block-group-is-layout-constrained\" id=\"kontakt\" style=\"margin-top:0;margin-bottom:0;padding-top:var(--wp--preset--spacing--60);padding-bottom:var(--wp--preset--spacing--60)\">\n<div class=\"wp-block-columns alignwide is-layout-flex wp-container-core-columns-is-layout-47c06fe3 wp-block-columns-is-layout-flex\">\n<div class=\"wp-block-column is-layout-flow wp-block-column-is-layout-flow\" style=\"flex-basis:50%\">\n<figure class=\"wp-block-image has-custom-border\"><img loading=\"lazy\" decoding=\"async\" width=\"1440\" height=\"960\" class=\"wp-image-87\" src=\"https:\/\/im4cfo.innovationacademy.se\/wp-content\/uploads\/2025\/10\/9c83bbf93558b61ce907d4decce37273214d23ce.jpg\" alt=\"\" style=\"border-radius:1rem;aspect-ratio:3\/4;object-fit:cover\" srcset=\"https:\/\/im4cfo.innovationacademy.se\/wp-content\/uploads\/2025\/10\/9c83bbf93558b61ce907d4decce37273214d23ce.jpg 1440w, https:\/\/im4cfo.innovationacademy.se\/wp-content\/uploads\/2025\/10\/9c83bbf93558b61ce907d4decce37273214d23ce-300x200.jpg 300w, https:\/\/im4cfo.innovationacademy.se\/wp-content\/uploads\/2025\/10\/9c83bbf93558b61ce907d4decce37273214d23ce-1024x683.jpg 1024w, https:\/\/im4cfo.innovationacademy.se\/wp-content\/uploads\/2025\/10\/9c83bbf93558b61ce907d4decce37273214d23ce-768x512.jpg 768w, https:\/\/im4cfo.innovationacademy.se\/wp-content\/uploads\/2025\/10\/9c83bbf93558b61ce907d4decce37273214d23ce-18x12.jpg 18w\" sizes=\"auto, (max-width: 1440px) 100vw, 1440px\" \/><\/figure>\n<\/div>\n\n\n\n<div class=\"wp-block-column is-layout-flow wp-block-column-is-layout-flow\" style=\"flex-basis:50%\">\n<div class=\"wp-block-group has-global-padding is-layout-constrained wp-block-group-is-layout-constrained\" style=\"margin-bottom:var(--wp--preset--spacing--40)\">\n<h2 class=\"wp-block-heading has-large-font-size\">Utforska innovation som ekonomichef<\/h2>\n\n\n\n<p style=\"margin-top:1rem\">Kontakta oss f\u00f6r att delta i CFO-communityn.<\/p>\n<\/div>\n\n\n<div class=\"wpforms-container wpforms-container-full wpforms-block wpforms-block-9afe8130-2d97-4b16-9810-df903f92a81c wpforms-render-modern\" id=\"wpforms-21\"><form id=\"wpforms-form-21\" class=\"wpforms-validate wpforms-form wpforms-ajax-form\" data-formid=\"21\" method=\"post\" enctype=\"multipart\/form-data\" action=\"\/sv\/wp-json\/wp\/v2\/pages\/26\" data-token=\"ba7d887c44c8716337d9265db44e97c2\" data-token-time=\"1777602239\"><noscript class=\"wpforms-error-noscript\">Aktivera JavaScript i din webbl\u00e4sare f\u00f6r att fylla i formul\u00e4ret.<\/noscript><div id=\"wpforms-error-noscript\" style=\"display: none;\">Aktivera JavaScript i din webbl\u00e4sare f\u00f6r att fylla i formul\u00e4ret.<\/div><div class=\"wpforms-field-container\"><div id=\"wpforms-21-field_1-container\" class=\"wpforms-field wpforms-field-name\" data-field-id=\"1\"><label class=\"wpforms-field-label\" for=\"wpforms-21-field_1\">Namn <span class=\"wpforms-required-label\" aria-hidden=\"true\">*<\/span><\/label><input type=\"text\" id=\"wpforms-21-field_1\" class=\"wpforms-field-large wpforms-field-required\" name=\"wpforms[fields][1]\" aria-errormessage=\"wpforms-21-field_1-error\" required><\/div>\t\t<div id=\"wpforms-21-field_5-container\"\n\t\t\tclass=\"wpforms-field wpforms-field-text\"\n\t\t\tdata-field-type=\"text\"\n\t\t\tdata-field-id=\"5\"\n\t\t\t>\n\t\t\t<label class=\"wpforms-field-label\" for=\"wpforms-21-field_5\" >\u00c4mne Meddelande Namn<\/label>\n\t\t\t<input type=\"text\" id=\"wpforms-21-field_5\" class=\"wpforms-field-medium\" name=\"wpforms[fields][5]\" >\n\t\t<\/div>\n\t\t<div id=\"wpforms-21-field_2-container\" class=\"wpforms-field wpforms-field-email\" data-field-id=\"2\"><label class=\"wpforms-field-label\" for=\"wpforms-21-field_2\">E-post <span class=\"wpforms-required-label\" aria-hidden=\"true\">*<\/span><\/label><input type=\"email\" id=\"wpforms-21-field_2\" class=\"wpforms-field-large wpforms-field-required\" name=\"wpforms[fields][2]\" spellcheck=\"false\" aria-errormessage=\"wpforms-21-field_2-error\" required><\/div><div id=\"wpforms-21-field_3-container\" class=\"wpforms-field wpforms-field-text\" data-field-id=\"3\"><label class=\"wpforms-field-label\" for=\"wpforms-21-field_3\">\u00c4mne<\/label><input type=\"text\" id=\"wpforms-21-field_3\" class=\"wpforms-field-large\" name=\"wpforms[fields][3]\" aria-errormessage=\"wpforms-21-field_3-error\" ><\/div><div id=\"wpforms-21-field_4-container\" class=\"wpforms-field wpforms-field-textarea\" data-field-id=\"4\"><label class=\"wpforms-field-label\" for=\"wpforms-21-field_4\">Meddelande <span class=\"wpforms-required-label\" aria-hidden=\"true\">*<\/span><\/label><textarea id=\"wpforms-21-field_4\" class=\"wpforms-field-large wpforms-field-required\" name=\"wpforms[fields][4]\" aria-errormessage=\"wpforms-21-field_4-error\" required><\/textarea><\/div><script>\n\t\t\t\t( function() {\n\t\t\t\t\tconst style = document.createElement( 'style' );\n\t\t\t\t\tstyle.appendChild( document.createTextNode( '#wpforms-21-field_5-container { position: absolute !important; overflow: hidden !important; display: inline !important; height: 1px !important; width: 1px !important; z-index: -1000 !important; padding: 0 !important; } #wpforms-21-field_5-container input { visibility: hidden; } #wpforms-conversational-form-page #wpforms-21-field_5-container label { counter-increment: none; }' ) );\n\t\t\t\t\tdocument.head.appendChild( style );\n\t\t\t\t\tdocument.currentScript?.remove();\n\t\t\t\t} )();\n\t\t\t<\/script><\/div><!-- .wpforms-field-container --><div class=\"wpforms-submit-container\" ><input type=\"hidden\" name=\"wpforms[id]\" value=\"21\"><input type=\"hidden\" name=\"page_title\" value=\"\"><input type=\"hidden\" name=\"page_url\" value=\"https:\/\/im4cfo.innovationacademy.se\/sv\/wp-json\/wp\/v2\/pages\/26\"><input type=\"hidden\" name=\"url_referer\" value=\"\"><button type=\"submit\" name=\"wpforms[submit]\" id=\"wpforms-submit-21\" class=\"wpforms-submit\" data-alt-text=\"Skickar \u2026\" data-submit-text=\"Skicka\" aria-live=\"assertive\" value=\"wpforms-submit\">Skicka<\/button><img loading=\"lazy\" decoding=\"async\" src=\"https:\/\/im4cfo.innovationacademy.se\/wp-content\/plugins\/wpforms-lite\/assets\/images\/submit-spin.svg\" class=\"wpforms-submit-spinner\" style=\"display: none;\" width=\"26\" height=\"26\" alt=\"Laddar\"><\/div><\/form><\/div>  <!-- .wpforms-container --><\/div>\n<\/div>\n<\/div>\n\n<div class=\"wp-block-group alignfull has-tertiary-background-color has-background has-global-padding is-layout-constrained wp-container-core-group-is-layout-7276a2bb wp-block-group-is-layout-constrained\" style=\"margin-top:0;margin-bottom:0;padding-top:var(--wp--preset--spacing--60);padding-right:var(--wp--preset--spacing--30);padding-bottom:var(--wp--preset--spacing--60);padding-left:var(--wp--preset--spacing--30)\">\n<div class=\"wp-block-group alignwide has-background-background-color has-background is-content-justification-space-between is-layout-flex wp-container-core-group-is-layout-4be20cc5 wp-block-group-is-layout-flex\" style=\"border-radius:1rem;padding-top:var(--wp--preset--spacing--50);padding-right:var(--wp--preset--spacing--50);padding-bottom:var(--wp--preset--spacing--50);padding-left:var(--wp--preset--spacing--50)\">\n<div class=\"wp-block-group has-global-padding is-layout-constrained wp-block-group-is-layout-constrained\">\n<h2 class=\"wp-block-heading has-large-font-size\">Innovationsledning f\u00f6r CFO:s framtid<\/h2>\n\n\n\n<p style=\"margin-top:16px\">G\u00e5 med i v\u00e5r community f\u00f6r exklusiva insikter inom innovationshantering och digitalisering f\u00f6r ekonomichefer.<\/p>\n<\/div>\n\n\n\n<div class=\"wp-block-buttons is-content-justification-left is-layout-flex wp-container-core-buttons-is-layout-82056a45 wp-block-buttons-is-layout-flex\">\n<div class=\"wp-block-button\"><a class=\"wp-block-button__link wp-element-button\" href=\"https:\/\/im4cfo.innovationacademy.se\/kontakt\">L\u00e4s vidare<\/a><\/div>\n<\/div>\n<\/div>\n<\/div>\n","protected":false},"excerpt":{"rendered":"<p>Kontakt Utforska innovation som ekonomichef Kontakta oss f\u00f6r att delta i CFO-communityn. Innovationsledning f\u00f6r CFO:s framtid G\u00e5 med i v\u00e5r community f\u00f6r exklusiva insikter inom innovationshantering och digitalisering f\u00f6r ekonomichefer.<\/p>\n","protected":false},"author":1,"featured_media":0,"parent":28,"menu_order":0,"comment_status":"closed","ping_status":"closed","template":"no-title","meta":{"footnotes":""},"class_list":["post-26","page","type-page","status-publish","hentry"],"aioseo_notices":[],"_links":{"self":[{"href":"https:\/\/im4cfo.innovationacademy.se\/sv\/wp-json\/wp\/v2\/pages\/26","targetHints":{"allow":["GET"]}}],"collection":[{"href":"https:\/\/im4cfo.innovationacademy.se\/sv\/wp-json\/wp\/v2\/pages"}],"about":[{"href":"https:\/\/im4cfo.innovationacademy.se\/sv\/wp-json\/wp\/v2\/types\/page"}],"author":[{"embeddable":true,"href":"https:\/\/im4cfo.innovationacademy.se\/sv\/wp-json\/wp\/v2\/users\/1"}],"replies":[{"embeddable":true,"href":"https:\/\/im4cfo.innovationacademy.se\/sv\/wp-json\/wp\/v2\/comments?post=26"}],"version-history":[{"count":2,"href":"https:\/\/im4cfo.innovationacademy.se\/sv\/wp-json\/wp\/v2\/pages\/26\/revisions"}],"predecessor-version":[{"id":88,"href":"https:\/\/im4cfo.innovationacademy.se\/sv\/wp-json\/wp\/v2\/pages\/26\/revisions\/88"}],"up":[{"embeddable":true,"href":"https:\/\/im4cfo.innovationacademy.se\/sv\/wp-json\/wp\/v2\/pages\/28"}],"wp:attachment":[{"href":"https:\/\/im4cfo.innovationacademy.se\/sv\/wp-json\/wp\/v2\/media?parent=26"}],"curies":[{"name":"wp","href":"https:\/\/api.w.org\/{rel}","templated":true}]}}