{"id":24,"date":"2025-07-07T11:15:19","date_gmt":"2025-07-07T11:15:19","guid":{"rendered":"https:\/\/im4cfo.innovationacademy.se\/resurser\/"},"modified":"2025-10-24T02:29:40","modified_gmt":"2025-10-24T00:29:40","slug":"resurser","status":"publish","type":"page","link":"https:\/\/im4cfo.innovationacademy.se\/sv\/start\/resurser\/","title":{"rendered":"Resurser"},"content":{"rendered":"\n<div class=\"wp-block-group alignfull has-background-background-color has-background has-global-padding is-layout-constrained wp-block-group-is-layout-constrained\" style=\"margin-top:0;margin-bottom:0;padding-top:24px;padding-bottom:24px\">\n<div class=\"wp-block-columns alignwide are-vertically-aligned-center is-layout-flex wp-container-core-columns-is-layout-87beb0d0 wp-block-columns-is-layout-flex\">\n<div class=\"wp-block-column is-vertically-aligned-center is-layout-flow wp-block-column-is-layout-flow\">\n<h1 class=\"wp-block-heading alignwide has-text-align-left\" style=\"font-size:clamp(1.188rem, 1.188rem + ((1vw - 0.2rem) * 1.153), 1.88rem);\">Resurser<\/h1>\n<\/div>\n\n\n\n<div class=\"wp-block-column is-vertically-aligned-center is-layout-flow wp-block-column-is-layout-flow\">\n<div class=\"wp-block-cover is-light has-aspect-ratio\" style=\"border-radius:1rem;padding-top:0;padding-bottom:0;aspect-ratio:auto;min-height:unset;\"><img loading=\"lazy\" decoding=\"async\" width=\"1440\" height=\"960\" class=\"wp-block-cover__image-background wp-image-77\" alt=\"\" src=\"https:\/\/im4cfo.innovationacademy.se\/wp-content\/uploads\/2025\/10\/e6bd565965060ecdcdea374928784c69283ec2fe.jpg\" data-object-fit=\"cover\" srcset=\"https:\/\/im4cfo.innovationacademy.se\/wp-content\/uploads\/2025\/10\/e6bd565965060ecdcdea374928784c69283ec2fe.jpg 1440w, https:\/\/im4cfo.innovationacademy.se\/wp-content\/uploads\/2025\/10\/e6bd565965060ecdcdea374928784c69283ec2fe-300x200.jpg 300w, https:\/\/im4cfo.innovationacademy.se\/wp-content\/uploads\/2025\/10\/e6bd565965060ecdcdea374928784c69283ec2fe-1024x683.jpg 1024w, https:\/\/im4cfo.innovationacademy.se\/wp-content\/uploads\/2025\/10\/e6bd565965060ecdcdea374928784c69283ec2fe-768x512.jpg 768w, https:\/\/im4cfo.innovationacademy.se\/wp-content\/uploads\/2025\/10\/e6bd565965060ecdcdea374928784c69283ec2fe-18x12.jpg 18w\" sizes=\"auto, (max-width: 1440px) 100vw, 1440px\" \/><span aria-hidden=\"true\" class=\"wp-block-cover__background has-background-dim-0 has-background-dim\"><\/span><div class=\"wp-block-cover__inner-container has-global-padding is-layout-constrained wp-block-cover-is-layout-constrained\">\n<div style=\"height:128px\" aria-hidden=\"true\" class=\"wp-block-spacer\"><\/div>\n<\/div><\/div>\n<\/div>\n<\/div>\n<\/div>\n\n<div class=\"wp-block-group alignfull has-background-background-color has-background has-global-padding is-layout-constrained wp-container-core-group-is-layout-7276a2bb wp-block-group-is-layout-constrained\" id=\"resurser\" style=\"margin-top:0;margin-bottom:0;padding-top:var(--wp--preset--spacing--60);padding-right:var(--wp--preset--spacing--30);padding-bottom:var(--wp--preset--spacing--60);padding-left:var(--wp--preset--spacing--30)\">\n<div class=\"wp-block-group alignwide is-vertical is-layout-flex wp-container-core-group-is-layout-fe9cc265 wp-block-group-is-layout-flex\">\n<div class=\"wp-block-group alignwide has-global-padding is-content-justification-left is-layout-constrained wp-container-core-group-is-layout-8b4c372c wp-block-group-is-layout-constrained\">\n<h2 class=\"wp-block-heading\" style=\"margin-top:12px\">Utbyt id\u00e9er om innovation med ledande CFO:er<\/h2>\n\n\n\n<p class=\"has-medium-font-size\" style=\"margin-top:16px\">H\u00e4r hittar du viktiga resurser som st\u00f6ttar din utveckling inom innovations- och informationshantering.<\/p>\n<\/div>\n<\/div>\n\n\n\n<div class=\"wp-block-columns alignwide is-layout-flex wp-container-core-columns-is-layout-a88a3fd8 wp-block-columns-is-layout-flex\">\n<div class=\"wp-block-column is-vertically-aligned-stretch is-layout-flow wp-block-column-is-layout-flow\">\n<div class=\"wp-block-group has-tertiary-background-color has-background has-global-padding is-layout-constrained wp-container-core-group-is-layout-80fb368b wp-block-group-is-layout-constrained\" style=\"border-radius:1.5rem;min-height:100%;padding-top:var(--wp--preset--spacing--30);padding-right:var(--wp--preset--spacing--30);padding-bottom:var(--wp--preset--spacing--30);padding-left:var(--wp--preset--spacing--30)\">\n<h3 class=\"wp-block-heading\" style=\"font-size:clamp(0.984rem, 0.984rem + ((1vw - 0.2rem) * 0.86), 1.5rem);line-height:1.5\">Innovationsstrategier<\/h3>\n\n\n\n<p class=\"has-small-font-size\" style=\"margin-top:8px\">L\u00e4r dig grunderna f\u00f6r att driva innovation framg\u00e5ngsrikt i ekonomifunktionen.<\/p>\n\n\n\n<div class=\"wp-block-buttons is-layout-flex wp-block-buttons-is-layout-flex\">\n<div class=\"wp-block-button\"><a class=\"wp-block-button__link has-small-font-size has-custom-font-size wp-element-button\" href=\"https:\/\/im4cfo.innovationacademy.se\/kontakt\">Uppt\u00e4ck mer<\/a><\/div>\n<\/div>\n<\/div>\n<\/div>\n\n\n\n<div class=\"wp-block-column is-vertically-aligned-stretch is-layout-flow wp-block-column-is-layout-flow\">\n<div class=\"wp-block-group has-tertiary-background-color has-background has-global-padding is-layout-constrained wp-container-core-group-is-layout-80fb368b wp-block-group-is-layout-constrained\" style=\"border-radius:1.5rem;min-height:100%;padding-top:var(--wp--preset--spacing--30);padding-right:var(--wp--preset--spacing--30);padding-bottom:var(--wp--preset--spacing--30);padding-left:var(--wp--preset--spacing--30)\">\n<h3 class=\"wp-block-heading\" style=\"font-size:clamp(0.984rem, 0.984rem + ((1vw - 0.2rem) * 0.86), 1.5rem);line-height:1.5\">Digitaliseringens p\u00e5verkan<\/h3>\n\n\n\n<p class=\"has-small-font-size\" style=\"margin-top:8px\">F\u00f6rdjupa dig i metoder f\u00f6r att integrera digitala l\u00f6sningar i ekonomistyrning.<\/p>\n\n\n\n<div class=\"wp-block-buttons is-layout-flex wp-block-buttons-is-layout-flex\">\n<div class=\"wp-block-button\"><a class=\"wp-block-button__link has-small-font-size has-custom-font-size wp-element-button\" href=\"https:\/\/im4cfo.innovationacademy.se\/kontakt\">L\u00e4s vidare<\/a><\/div>\n<\/div>\n<\/div>\n<\/div>\n\n\n\n<div class=\"wp-block-column is-vertically-aligned-stretch is-layout-flow wp-block-column-is-layout-flow\">\n<div class=\"wp-block-group has-tertiary-background-color has-background has-global-padding is-layout-constrained wp-container-core-group-is-layout-80fb368b wp-block-group-is-layout-constrained\" style=\"border-radius:1.5rem;min-height:100%;padding-top:var(--wp--preset--spacing--30);padding-right:var(--wp--preset--spacing--30);padding-bottom:var(--wp--preset--spacing--30);padding-left:var(--wp--preset--spacing--30)\">\n<h3 class=\"wp-block-heading\" style=\"font-size:clamp(0.984rem, 0.984rem + ((1vw - 0.2rem) * 0.86), 1.5rem);line-height:1.5\">Informationshantering<\/h3>\n\n\n\n<p class=\"has-small-font-size\" style=\"margin-top:8px\">F\u00e5 insikt i effektiva s\u00e4tt att hantera och analysera ekonomisk data.<\/p>\n\n\n\n<div class=\"wp-block-buttons is-layout-flex wp-block-buttons-is-layout-flex\">\n<div class=\"wp-block-button\"><a class=\"wp-block-button__link has-small-font-size has-custom-font-size wp-element-button\" href=\"https:\/\/im4cfo.innovationacademy.se\/kontakt\">Utforska mer<\/a><\/div>\n<\/div>\n<\/div>\n<\/div>\n<\/div>\n<\/div>\n\n<div class=\"wp-block-group alignfull has-tertiary-background-color has-background has-global-padding is-layout-constrained wp-container-core-group-is-layout-fb85e995 wp-block-group-is-layout-constrained\" style=\"margin-top:0;margin-bottom:0;padding-top:var(--wp--preset--spacing--60);padding-right:var(--wp--preset--spacing--30);padding-bottom:var(--wp--preset--spacing--60);padding-left:var(--wp--preset--spacing--30)\">\n<div class=\"wp-block-group alignwide has-global-padding is-content-justification-center is-layout-constrained wp-block-group-is-layout-constrained\">\n<h2 class=\"wp-block-heading has-text-align-center has-large-font-size\">Verkliga ber\u00e4ttelser fr\u00e5n ekonomichefer i v\u00e5r community<\/h2>\n\n\n\n<p class=\"has-text-align-center\" style=\"margin-top:16px\">H\u00e4r guidar vi dig genom varje steg f\u00f6r att snabbt komma ig\u00e5ng och maximera nyttan av innovationshantering f\u00f6r din ekonomiavdelning.<\/p>\n<\/div>\n\n\n\n<div class=\"wp-block-buttons is-content-justification-center is-layout-flex wp-container-core-buttons-is-layout-d62ed776 wp-block-buttons-is-layout-flex\" style=\"margin-top:var(--wp--preset--spacing--40);margin-bottom:var(--wp--preset--spacing--50)\">\n<div class=\"wp-block-button is-style-fill\"><a class=\"wp-block-button__link wp-element-button\" href=\"https:\/\/im4cfo.innovationacademy.se\/kontakt\">L\u00e4s vidare<\/a><\/div>\n<\/div>\n\n\n\n<div class=\"wp-block-columns alignwide are-vertically-aligned-center has-background-background-color has-background is-layout-flex wp-container-core-columns-is-layout-4ea1b460 wp-block-columns-is-layout-flex\" style=\"border-radius:1rem;padding-top:0;padding-right:0;padding-bottom:0;padding-left:0\">\n<div class=\"wp-block-column is-vertically-aligned-center is-layout-flow wp-block-column-is-layout-flow\" style=\"padding-top:var(--wp--preset--spacing--40);padding-right:var(--wp--preset--spacing--40);padding-bottom:var(--wp--preset--spacing--40);padding-left:var(--wp--preset--spacing--40)\">\n<div class=\"wp-block-group has-global-padding is-layout-constrained wp-block-group-is-layout-constrained\">\n<h3 class=\"wp-block-heading has-large-font-size\">Driv framtidens ekonomi med smart innovationsledning.<\/h3>\n\n\n\n<p style=\"margin-top:16px\">Denna studie visar hur en CFO anv\u00e4nde digitala verktyg f\u00f6r att f\u00f6rb\u00e4ttra beslutsfattande och st\u00e4rka f\u00f6retagets konkurrenskraft.<\/p>\n<\/div>\n<\/div>\n\n\n\n<div class=\"wp-block-column is-vertically-aligned-center is-layout-flow wp-block-column-is-layout-flow\">\n<figure class=\"wp-block-image has-custom-border\"><img loading=\"lazy\" decoding=\"async\" width=\"1280\" height=\"1828\" class=\"wp-image-83\" src=\"https:\/\/im4cfo.innovationacademy.se\/wp-content\/uploads\/2025\/10\/2b783ce0fcce64ff67550eff598174e761599f21.jpg\" alt=\"\" style=\"border-top-left-radius:1.05rem;border-top-right-radius:1rem;border-bottom-left-radius:1rem;border-bottom-right-radius:1rem;aspect-ratio:4\/3;object-fit:cover\" srcset=\"https:\/\/im4cfo.innovationacademy.se\/wp-content\/uploads\/2025\/10\/2b783ce0fcce64ff67550eff598174e761599f21.jpg 1280w, https:\/\/im4cfo.innovationacademy.se\/wp-content\/uploads\/2025\/10\/2b783ce0fcce64ff67550eff598174e761599f21-210x300.jpg 210w, https:\/\/im4cfo.innovationacademy.se\/wp-content\/uploads\/2025\/10\/2b783ce0fcce64ff67550eff598174e761599f21-717x1024.jpg 717w, https:\/\/im4cfo.innovationacademy.se\/wp-content\/uploads\/2025\/10\/2b783ce0fcce64ff67550eff598174e761599f21-768x1097.jpg 768w, https:\/\/im4cfo.innovationacademy.se\/wp-content\/uploads\/2025\/10\/2b783ce0fcce64ff67550eff598174e761599f21-1076x1536.jpg 1076w, https:\/\/im4cfo.innovationacademy.se\/wp-content\/uploads\/2025\/10\/2b783ce0fcce64ff67550eff598174e761599f21-8x12.jpg 8w\" sizes=\"auto, (max-width: 1280px) 100vw, 1280px\" \/><\/figure>\n<\/div>\n<\/div>\n\n\n\n<div class=\"wp-block-columns alignwide are-vertically-aligned-center has-background-background-color has-background is-layout-flex wp-container-core-columns-is-layout-4ea1b460 wp-block-columns-is-layout-flex\" style=\"border-radius:1rem;padding-top:0;padding-right:0;padding-bottom:0;padding-left:0\">\n<div class=\"wp-block-column is-vertically-aligned-center is-layout-flow wp-block-column-is-layout-flow\">\n<figure class=\"wp-block-image has-custom-border\"><img loading=\"lazy\" decoding=\"async\" width=\"1280\" height=\"1920\" class=\"wp-image-84\" src=\"https:\/\/im4cfo.innovationacademy.se\/wp-content\/uploads\/2025\/10\/36a54e0622f55fe74c283ea0fec349967e420444.jpg\" alt=\"\" style=\"border-radius:1rem;aspect-ratio:4\/3;object-fit:cover\" srcset=\"https:\/\/im4cfo.innovationacademy.se\/wp-content\/uploads\/2025\/10\/36a54e0622f55fe74c283ea0fec349967e420444.jpg 1280w, https:\/\/im4cfo.innovationacademy.se\/wp-content\/uploads\/2025\/10\/36a54e0622f55fe74c283ea0fec349967e420444-200x300.jpg 200w, https:\/\/im4cfo.innovationacademy.se\/wp-content\/uploads\/2025\/10\/36a54e0622f55fe74c283ea0fec349967e420444-683x1024.jpg 683w, https:\/\/im4cfo.innovationacademy.se\/wp-content\/uploads\/2025\/10\/36a54e0622f55fe74c283ea0fec349967e420444-768x1152.jpg 768w, https:\/\/im4cfo.innovationacademy.se\/wp-content\/uploads\/2025\/10\/36a54e0622f55fe74c283ea0fec349967e420444-1024x1536.jpg 1024w, https:\/\/im4cfo.innovationacademy.se\/wp-content\/uploads\/2025\/10\/36a54e0622f55fe74c283ea0fec349967e420444-8x12.jpg 8w\" sizes=\"auto, (max-width: 1280px) 100vw, 1280px\" \/><\/figure>\n<\/div>\n\n\n\n<div class=\"wp-block-column is-vertically-aligned-center is-layout-flow wp-block-column-is-layout-flow\" style=\"padding-top:var(--wp--preset--spacing--40);padding-right:var(--wp--preset--spacing--40);padding-bottom:var(--wp--preset--spacing--40);padding-left:var(--wp--preset--spacing--40)\">\n<div class=\"wp-block-group has-global-padding is-layout-constrained wp-block-group-is-layout-constrained\">\n<h3 class=\"wp-block-heading has-large-font-size\">S\u00e5 h\u00e4r \u00f6kade ett f\u00f6retag sin innovationskraft och ekonomiska framg\u00e5ng<\/h3>\n\n\n\n<p style=\"margin-top:16px\">I denna studie visar vi hur en CFO \u00f6vervann komplexa utmaningar genom digitalisering och innovation, vilket resulterade i b\u00e4ttre resultat och n\u00f6jdare intressenter.<\/p>\n<\/div>\n<\/div>\n<\/div>\n<\/div>\n\n<div class=\"wp-block-group alignfull has-background-background-color has-background has-global-padding is-layout-constrained wp-block-group-is-layout-constrained\" style=\"margin-top:0;margin-bottom:0;padding-top:var(--wp--preset--spacing--60);padding-bottom:var(--wp--preset--spacing--60)\">\n<div class=\"wp-block-columns alignwide are-vertically-aligned-center has-tertiary-background-color has-background is-layout-flex wp-container-core-columns-is-layout-55a977bd wp-block-columns-is-layout-flex\" style=\"border-radius:1.5rem;padding-top:var(--wp--preset--spacing--40);padding-right:var(--wp--preset--spacing--40);padding-bottom:var(--wp--preset--spacing--40);padding-left:var(--wp--preset--spacing--40)\">\n<div class=\"wp-block-column is-vertically-aligned-center is-layout-flow wp-block-column-is-layout-flow\" style=\"flex-basis:40%\">\n<figure class=\"wp-block-image has-custom-border\"><img loading=\"lazy\" decoding=\"async\" width=\"1440\" height=\"960\" class=\"wp-image-81\" src=\"https:\/\/im4cfo.innovationacademy.se\/wp-content\/uploads\/2025\/10\/901d3206629330f3fe3e563929241f7437cfc8b5.jpg\" alt=\"\" style=\"border-radius:1.5rem;aspect-ratio:1;object-fit:cover\" srcset=\"https:\/\/im4cfo.innovationacademy.se\/wp-content\/uploads\/2025\/10\/901d3206629330f3fe3e563929241f7437cfc8b5.jpg 1440w, https:\/\/im4cfo.innovationacademy.se\/wp-content\/uploads\/2025\/10\/901d3206629330f3fe3e563929241f7437cfc8b5-300x200.jpg 300w, https:\/\/im4cfo.innovationacademy.se\/wp-content\/uploads\/2025\/10\/901d3206629330f3fe3e563929241f7437cfc8b5-1024x683.jpg 1024w, https:\/\/im4cfo.innovationacademy.se\/wp-content\/uploads\/2025\/10\/901d3206629330f3fe3e563929241f7437cfc8b5-768x512.jpg 768w, https:\/\/im4cfo.innovationacademy.se\/wp-content\/uploads\/2025\/10\/901d3206629330f3fe3e563929241f7437cfc8b5-18x12.jpg 18w\" sizes=\"auto, (max-width: 1440px) 100vw, 1440px\" \/><\/figure>\n<\/div>\n\n\n\n<div class=\"wp-block-column is-vertically-aligned-center is-layout-flow wp-block-column-is-layout-flow\" style=\"flex-basis:50%\">\n<div class=\"wp-block-group has-global-padding is-content-justification-left is-layout-constrained wp-container-core-group-is-layout-cdff7eec wp-block-group-is-layout-constrained\" style=\"padding-top:var(--wp--preset--spacing--30);padding-right:0;padding-bottom:var(--wp--preset--spacing--30);padding-left:0\">\n<h2 class=\"wp-block-heading\" style=\"margin-top:12px\">Innovation och digitalisering f\u00f6r CFO<\/h2>\n\n\n\n<p class=\"has-medium-font-size\" style=\"margin-top:16px\">Uppt\u00e4ck hur du som ekonomichef kan driva innovation och effektiv informationshantering. G\u00e5 med i v\u00e5r community f\u00f6r exklusiva insikter och n\u00e4tverkande.<\/p>\n\n\n\n<div class=\"wp-block-buttons is-layout-flex wp-container-core-buttons-is-layout-12dcd427 wp-block-buttons-is-layout-flex\" style=\"margin-top:var(--wp--preset--spacing--40)\">\n<div class=\"wp-block-button\"><a class=\"wp-block-button__link wp-element-button\" href=\"https:\/\/im4cfo.innovationacademy.se\/kontakt\">L\u00e4s vidare<\/a><\/div>\n<\/div>\n<\/div>\n<\/div>\n<\/div>\n<\/div>\n","protected":false},"excerpt":{"rendered":"<p>Resurser Utbyt id\u00e9er om innovation med ledande CFO:er H\u00e4r hittar du viktiga resurser som st\u00f6ttar din utveckling inom innovations- och informationshantering. Innovationsstrategier L\u00e4r dig grunderna f\u00f6r att driva innovation framg\u00e5ngsrikt i ekonomifunktionen. Digitaliseringens p\u00e5verkan F\u00f6rdjupa dig i metoder f\u00f6r att integrera digitala l\u00f6sningar i ekonomistyrning. Informationshantering F\u00e5 insikt i effektiva s\u00e4tt att hantera och analysera [&hellip;]<\/p>\n","protected":false},"author":1,"featured_media":0,"parent":28,"menu_order":0,"comment_status":"closed","ping_status":"closed","template":"no-title","meta":{"footnotes":""},"class_list":["post-24","page","type-page","status-publish","hentry"],"aioseo_notices":[],"_links":{"self":[{"href":"https:\/\/im4cfo.innovationacademy.se\/sv\/wp-json\/wp\/v2\/pages\/24","targetHints":{"allow":["GET"]}}],"collection":[{"href":"https:\/\/im4cfo.innovationacademy.se\/sv\/wp-json\/wp\/v2\/pages"}],"about":[{"href":"https:\/\/im4cfo.innovationacademy.se\/sv\/wp-json\/wp\/v2\/types\/page"}],"author":[{"embeddable":true,"href":"https:\/\/im4cfo.innovationacademy.se\/sv\/wp-json\/wp\/v2\/users\/1"}],"replies":[{"embeddable":true,"href":"https:\/\/im4cfo.innovationacademy.se\/sv\/wp-json\/wp\/v2\/comments?post=24"}],"version-history":[{"count":2,"href":"https:\/\/im4cfo.innovationacademy.se\/sv\/wp-json\/wp\/v2\/pages\/24\/revisions"}],"predecessor-version":[{"id":85,"href":"https:\/\/im4cfo.innovationacademy.se\/sv\/wp-json\/wp\/v2\/pages\/24\/revisions\/85"}],"up":[{"embeddable":true,"href":"https:\/\/im4cfo.innovationacademy.se\/sv\/wp-json\/wp\/v2\/pages\/28"}],"wp:attachment":[{"href":"https:\/\/im4cfo.innovationacademy.se\/sv\/wp-json\/wp\/v2\/media?parent=24"}],"curies":[{"name":"wp","href":"https:\/\/api.w.org\/{rel}","templated":true}]}}