{"id":23,"date":"2025-07-07T11:15:19","date_gmt":"2025-07-07T11:15:19","guid":{"rendered":"https:\/\/im4cfo.innovationacademy.se\/tjanster\/"},"modified":"2025-10-24T02:29:39","modified_gmt":"2025-10-24T00:29:39","slug":"tjanster","status":"publish","type":"page","link":"https:\/\/im4cfo.innovationacademy.se\/sv\/start\/tjanster\/","title":{"rendered":"Tj\u00e4nster"},"content":{"rendered":"\n<div class=\"wp-block-group alignfull has-background-background-color has-background has-global-padding is-layout-constrained wp-block-group-is-layout-constrained\" style=\"margin-top:0;margin-bottom:0;padding-top:24px;padding-bottom:24px\">\n<div class=\"wp-block-columns alignwide are-vertically-aligned-center is-layout-flex wp-container-core-columns-is-layout-87beb0d0 wp-block-columns-is-layout-flex\">\n<div class=\"wp-block-column is-vertically-aligned-center is-layout-flow wp-block-column-is-layout-flow\">\n<h1 class=\"wp-block-heading alignwide has-text-align-left\" style=\"font-size:clamp(1.188rem, 1.188rem + ((1vw - 0.2rem) * 1.153), 1.88rem);\">Tj\u00e4nster<\/h1>\n<\/div>\n\n\n\n<div class=\"wp-block-column is-vertically-aligned-center is-layout-flow wp-block-column-is-layout-flow\">\n<div class=\"wp-block-cover is-light has-aspect-ratio\" style=\"border-radius:1rem;padding-top:0;padding-bottom:0;aspect-ratio:auto;min-height:unset;\"><img loading=\"lazy\" decoding=\"async\" width=\"1440\" height=\"960\" class=\"wp-block-cover__image-background wp-image-77\" alt=\"\" src=\"https:\/\/im4cfo.innovationacademy.se\/wp-content\/uploads\/2025\/10\/e6bd565965060ecdcdea374928784c69283ec2fe.jpg\" data-object-fit=\"cover\" srcset=\"https:\/\/im4cfo.innovationacademy.se\/wp-content\/uploads\/2025\/10\/e6bd565965060ecdcdea374928784c69283ec2fe.jpg 1440w, https:\/\/im4cfo.innovationacademy.se\/wp-content\/uploads\/2025\/10\/e6bd565965060ecdcdea374928784c69283ec2fe-300x200.jpg 300w, https:\/\/im4cfo.innovationacademy.se\/wp-content\/uploads\/2025\/10\/e6bd565965060ecdcdea374928784c69283ec2fe-1024x683.jpg 1024w, https:\/\/im4cfo.innovationacademy.se\/wp-content\/uploads\/2025\/10\/e6bd565965060ecdcdea374928784c69283ec2fe-768x512.jpg 768w, https:\/\/im4cfo.innovationacademy.se\/wp-content\/uploads\/2025\/10\/e6bd565965060ecdcdea374928784c69283ec2fe-18x12.jpg 18w\" sizes=\"auto, (max-width: 1440px) 100vw, 1440px\" \/><span aria-hidden=\"true\" class=\"wp-block-cover__background has-background-dim-0 has-background-dim\"><\/span><div class=\"wp-block-cover__inner-container has-global-padding is-layout-constrained wp-block-cover-is-layout-constrained\">\n<div style=\"height:128px\" aria-hidden=\"true\" class=\"wp-block-spacer\"><\/div>\n<\/div><\/div>\n<\/div>\n<\/div>\n<\/div>\n\n<div class=\"wp-block-group alignfull has-background-background-color has-background has-global-padding is-layout-constrained wp-container-core-group-is-layout-7276a2bb wp-block-group-is-layout-constrained\" id=\"tjanster\" style=\"margin-top:0;margin-bottom:0;padding-top:var(--wp--preset--spacing--60);padding-right:var(--wp--preset--spacing--30);padding-bottom:var(--wp--preset--spacing--60);padding-left:var(--wp--preset--spacing--30)\">\n<div class=\"wp-block-group alignwide has-global-padding is-content-justification-center is-layout-constrained wp-block-group-is-layout-constrained\">\n<h2 class=\"wp-block-heading has-text-align-center\">Din gemenskap f\u00f6r innovationsledning<\/h2>\n\n\n\n<p class=\"has-text-align-center has-medium-font-size\" style=\"margin-top:16px\">Utforska v\u00e5rt utbud av tj\u00e4nster som st\u00f6der CFO:er i att driva innovation och digital transformation.<\/p>\n<\/div>\n\n\n\n<div class=\"wp-block-columns alignwide is-layout-flex wp-container-core-columns-is-layout-5b525043 wp-block-columns-is-layout-flex\">\n<div class=\"wp-block-column is-layout-flow wp-block-column-is-layout-flow\">\n<div class=\"wp-block-group has-tertiary-background-color has-background has-global-padding is-layout-constrained wp-container-core-group-is-layout-13e450dc wp-block-group-is-layout-constrained\" style=\"border-radius:1.5rem;padding-top:2rem;padding-right:1.5rem;padding-bottom:2rem;padding-left:1.5rem\">\n<h3 class=\"wp-block-heading has-text-align-center\" style=\"font-size:clamp(18.959px, 1.185rem + ((1vw - 3.2px) * 1.15), 30px);line-height:1.5\">Innovationstrategi<\/h3>\n\n\n\n<p class=\"has-text-align-center has-small-font-size\" style=\"margin-top:8px;margin-bottom:var(--wp--preset--spacing--30)\">Vi hj\u00e4lper dig skapa effektiva strategier f\u00f6r att leda innovation inom ekonomifunktionen.<\/p>\n\n\n\n<figure class=\"wp-block-image has-custom-border ext-aspect-landscape\"><img loading=\"lazy\" decoding=\"async\" width=\"1440\" height=\"991\" class=\"wp-image-78\" src=\"https:\/\/im4cfo.innovationacademy.se\/wp-content\/uploads\/2025\/10\/406b37e6f7a2add3abe39236dc3d59efca5bf660.jpg\" alt=\"\" style=\"border-radius:1.5rem;aspect-ratio:1;object-fit:cover\" srcset=\"https:\/\/im4cfo.innovationacademy.se\/wp-content\/uploads\/2025\/10\/406b37e6f7a2add3abe39236dc3d59efca5bf660.jpg 1440w, https:\/\/im4cfo.innovationacademy.se\/wp-content\/uploads\/2025\/10\/406b37e6f7a2add3abe39236dc3d59efca5bf660-300x206.jpg 300w, https:\/\/im4cfo.innovationacademy.se\/wp-content\/uploads\/2025\/10\/406b37e6f7a2add3abe39236dc3d59efca5bf660-1024x705.jpg 1024w, https:\/\/im4cfo.innovationacademy.se\/wp-content\/uploads\/2025\/10\/406b37e6f7a2add3abe39236dc3d59efca5bf660-768x529.jpg 768w, https:\/\/im4cfo.innovationacademy.se\/wp-content\/uploads\/2025\/10\/406b37e6f7a2add3abe39236dc3d59efca5bf660-18x12.jpg 18w\" sizes=\"auto, (max-width: 1440px) 100vw, 1440px\" \/><\/figure>\n<\/div>\n<\/div>\n\n\n\n<div class=\"wp-block-column is-layout-flow wp-block-column-is-layout-flow\">\n<div class=\"wp-block-group has-tertiary-background-color has-background has-global-padding is-layout-constrained wp-container-core-group-is-layout-13e450dc wp-block-group-is-layout-constrained\" style=\"border-radius:1.5rem;padding-top:2rem;padding-right:1.5rem;padding-bottom:2rem;padding-left:1.5rem\">\n<h3 class=\"wp-block-heading has-text-align-center\" style=\"font-size:clamp(18.959px, 1.185rem + ((1vw - 3.2px) * 1.15), 30px);line-height:1.5\">Digitaliseringsr\u00e5dgivning<\/h3>\n\n\n\n<p class=\"has-text-align-center has-small-font-size\" style=\"margin-top:8px;margin-bottom:var(--wp--preset--spacing--30)\">Skr\u00e4ddarsydd r\u00e5dgivning f\u00f6r att optimera digitala processer och informationshantering.<\/p>\n\n\n\n<figure class=\"wp-block-image has-custom-border ext-aspect-landscape\"><img loading=\"lazy\" decoding=\"async\" width=\"1152\" height=\"1440\" class=\"wp-image-79\" src=\"https:\/\/im4cfo.innovationacademy.se\/wp-content\/uploads\/2025\/10\/f6004508e00e163c8981b39510c2da31678050f5.jpg\" alt=\"\" style=\"border-radius:1.5rem;aspect-ratio:1;object-fit:cover\" srcset=\"https:\/\/im4cfo.innovationacademy.se\/wp-content\/uploads\/2025\/10\/f6004508e00e163c8981b39510c2da31678050f5.jpg 1152w, https:\/\/im4cfo.innovationacademy.se\/wp-content\/uploads\/2025\/10\/f6004508e00e163c8981b39510c2da31678050f5-240x300.jpg 240w, https:\/\/im4cfo.innovationacademy.se\/wp-content\/uploads\/2025\/10\/f6004508e00e163c8981b39510c2da31678050f5-819x1024.jpg 819w, https:\/\/im4cfo.innovationacademy.se\/wp-content\/uploads\/2025\/10\/f6004508e00e163c8981b39510c2da31678050f5-768x960.jpg 768w, https:\/\/im4cfo.innovationacademy.se\/wp-content\/uploads\/2025\/10\/f6004508e00e163c8981b39510c2da31678050f5-10x12.jpg 10w\" sizes=\"auto, (max-width: 1152px) 100vw, 1152px\" \/><\/figure>\n<\/div>\n<\/div>\n\n\n\n<div class=\"wp-block-column is-layout-flow wp-block-column-is-layout-flow\">\n<div class=\"wp-block-group has-tertiary-background-color has-background has-global-padding is-layout-constrained wp-container-core-group-is-layout-13e450dc wp-block-group-is-layout-constrained\" style=\"border-radius:1.5rem;padding-top:2rem;padding-right:1.5rem;padding-bottom:2rem;padding-left:1.5rem\">\n<h3 class=\"wp-block-heading has-text-align-center\" style=\"font-size:clamp(18.959px, 1.185rem + ((1vw - 3.2px) * 1.15), 30px);line-height:1.5\">Community &amp; N\u00e4tverk<\/h3>\n\n\n\n<p class=\"has-text-align-center has-small-font-size\" style=\"margin-top:8px;margin-bottom:var(--wp--preset--spacing--30)\">En exklusiv medlemsgrupp f\u00f6r kunskapsutbyte och samarbete bland ekonomichefer.<\/p>\n\n\n\n<figure class=\"wp-block-image has-custom-border ext-aspect-landscape\"><img loading=\"lazy\" decoding=\"async\" width=\"1440\" height=\"952\" class=\"wp-image-80\" src=\"https:\/\/im4cfo.innovationacademy.se\/wp-content\/uploads\/2025\/10\/24c62d3d8668683148b2dad49841f1a9dc1bb88e.jpg\" alt=\"\" style=\"border-radius:1.5rem;aspect-ratio:1;object-fit:cover\" srcset=\"https:\/\/im4cfo.innovationacademy.se\/wp-content\/uploads\/2025\/10\/24c62d3d8668683148b2dad49841f1a9dc1bb88e.jpg 1440w, https:\/\/im4cfo.innovationacademy.se\/wp-content\/uploads\/2025\/10\/24c62d3d8668683148b2dad49841f1a9dc1bb88e-300x198.jpg 300w, https:\/\/im4cfo.innovationacademy.se\/wp-content\/uploads\/2025\/10\/24c62d3d8668683148b2dad49841f1a9dc1bb88e-1024x677.jpg 1024w, https:\/\/im4cfo.innovationacademy.se\/wp-content\/uploads\/2025\/10\/24c62d3d8668683148b2dad49841f1a9dc1bb88e-768x508.jpg 768w, https:\/\/im4cfo.innovationacademy.se\/wp-content\/uploads\/2025\/10\/24c62d3d8668683148b2dad49841f1a9dc1bb88e-18x12.jpg 18w\" sizes=\"auto, (max-width: 1440px) 100vw, 1440px\" \/><\/figure>\n<\/div>\n<\/div>\n<\/div>\n<\/div>\n\n<div class=\"wp-block-group alignfull has-tertiary-background-color has-background has-global-padding is-layout-constrained wp-container-core-group-is-layout-fb85e995 wp-block-group-is-layout-constrained\" style=\"margin-top:0;margin-bottom:0;padding-top:var(--wp--preset--spacing--60);padding-right:var(--wp--preset--spacing--30);padding-bottom:var(--wp--preset--spacing--60);padding-left:var(--wp--preset--spacing--30)\">\n<div class=\"wp-block-columns alignwide is-layout-flex wp-container-core-columns-is-layout-658170e2 wp-block-columns-is-layout-flex\">\n<div class=\"wp-block-column is-layout-flow wp-block-column-is-layout-flow\">\n<div class=\"wp-block-group alignwide has-background-background-color has-background has-global-padding is-layout-constrained wp-container-core-group-is-layout-52009084 wp-block-group-is-layout-constrained\" style=\"border-radius:1rem;padding-top:var(--wp--preset--spacing--40);padding-right:var(--wp--preset--spacing--40);padding-bottom:var(--wp--preset--spacing--40);padding-left:var(--wp--preset--spacing--40)\">\n<div class=\"wp-block-group alignwide has-global-padding is-content-justification-left is-layout-constrained wp-container-core-group-is-layout-3c97d49d wp-block-group-is-layout-constrained\" style=\"margin-bottom:var(--wp--preset--spacing--50)\">\n<h2 class=\"wp-block-heading has-large-font-size\">Maximera innovationens kraft och ekonomiskt v\u00e4rde<\/h2>\n\n\n\n<p style=\"margin-top:16px\">Uppt\u00e4ck hur v\u00e5ra tj\u00e4nster hj\u00e4lper CFO:er att leda innovationsprocesser, f\u00f6rb\u00e4ttra informationshantering och driva digital transformation.<\/p>\n<\/div>\n\n\n\n<div class=\"wp-block-group is-nowrap is-layout-flex wp-container-core-group-is-layout-501511a6 wp-block-group-is-layout-flex\">\n<figure class=\"wp-block-image size-large ext-aspect-landscape wp-duotone-primary-foreground\"><img decoding=\"async\" src=\"data:image\/svg+xml;base64,PHN2ZyB4bWxucz0iaHR0cDovL3d3dy53My5vcmcvMjAwMC9zdmciIHdpZHRoPSI0OCIgaGVpZ2h0PSI0OCIgZmlsbD0ibm9uZSIgdmlld0JveD0iMCAwIDQ4IDQ4Ij48bWFzayBpZD0iYSIgd2lkdGg9IjQ4IiBoZWlnaHQ9IjQ4IiB4PSIwIiB5PSIwIiBtYXNrVW5pdHM9InVzZXJTcGFjZU9uVXNlIiBzdHlsZT0ibWFzay10eXBlOmFscGhhIj48cGF0aCBmaWxsPSIjRDlEOUQ5IiBkPSJNMCAwaDQ4djQ4SDB6Ii8+PC9tYXNrPjxnIG1hc2s9InVybCgjYSkiPjxwYXRoIGZpbGw9IiMxQzFCMUYiIGQ9Ik0yNCA0NGMtMi44MzMgMC01LjQ2Ny0uNTA4LTcuOS0xLjUyNS0yLjQzMy0xLjAxNy00LjU1LTIuNDI1LTYuMzUtNC4yMjUtMS44LTEuOC0zLjIwOC0zLjkxNy00LjIyNS02LjM1QzQuNTA4IDI5LjQ2NyA0IDI2LjgzMyA0IDI0YzAtMi44LjUwOC01LjQxNyAxLjUyNS03Ljg1UzcuOTUgMTEuNiA5Ljc1IDkuOGMxLjgtMS44IDMuOTE3LTMuMjE3IDYuMzUtNC4yNVMyMS4xNjcgNCAyNCA0YzIuNSAwIDQuODMzLjQgNyAxLjIgMi4xNjcuOCA0LjExNyAxLjkgNS44NSAzLjNsLTIuMTUgMi4xNWExNi43MzIgMTYuNzMyIDAgMCAwLTQuOS0yLjdDMjggNy4zMTcgMjYuMDY3IDcgMjQgN2MtNC44MzMgMC04Ljg3NSAxLjYyNS0xMi4xMjUgNC44NzVTNyAxOS4xNjcgNyAyNHMxLjYyNSA4Ljg3NSA0Ljg3NSAxMi4xMjVTMTkuMTY3IDQxIDI0IDQxczguODc1LTEuNjI1IDEyLjEyNS00Ljg3NVM0MSAyOC44MzMgNDEgMjRjMC0xLS4wNzUtMS45NzUtLjIyNS0yLjkyNS0uMTUtLjk1LS4zNzUtMS44NzUtLjY3NS0yLjc3NWwyLjMtMi4zYTE5LjEyMiAxOS4xMjIgMCAwIDEgMS4yIDMuODVjLjI2NyAxLjMzMy40IDIuNzE3LjQgNC4xNSAwIDIuODMzLS41MTcgNS40NjctMS41NSA3LjktMS4wMzMgMi40MzMtMi40NSA0LjU1LTQuMjUgNi4zNS0xLjggMS44LTMuOTE3IDMuMjA4LTYuMzUgNC4yMjVDMjkuNDE3IDQzLjQ5MiAyNi44IDQ0IDI0IDQ0Wm0tMi45NS0xMC45LTguMjUtOC4zIDIuMjUtMi4yNSA2IDYgMjAuNy0yMC43IDIuMyAyLjI1LTIzIDIzWiIvPjwvZz48L3N2Zz4=\" alt=\"\" style=\"object-fit:cover\"\/><\/figure>\n\n\n\n<div class=\"wp-block-group wp-container-content-958eb9dc has-global-padding is-layout-constrained wp-block-group-is-layout-constrained\">\n<h3 class=\"wp-block-heading\" style=\"font-size:clamp(14px, 0.875rem + ((1vw - 3.2px) * 0.625), 20px);line-height:1.5\">Strategisk innovationsr\u00e5dgivning<\/h3>\n\n\n\n<p class=\"has-small-font-size\" style=\"margin-top:4px\">Vi erbjuder expertst\u00f6d f\u00f6r att integrera innovationsstrategier i ekonomistyrning, vilket \u00f6kar konkurrenskraften och skapar l\u00e5ngsiktigt v\u00e4rde f\u00f6r f\u00f6retaget.<\/p>\n<\/div>\n<\/div>\n\n\n\n<div class=\"wp-block-group is-nowrap is-layout-flex wp-container-core-group-is-layout-501511a6 wp-block-group-is-layout-flex\">\n<figure class=\"wp-block-image size-large ext-aspect-landscape wp-duotone-primary-foreground\"><img decoding=\"async\" src=\"data:image\/svg+xml;base64,PHN2ZyB4bWxucz0iaHR0cDovL3d3dy53My5vcmcvMjAwMC9zdmciIHdpZHRoPSI0OCIgaGVpZ2h0PSI0OCIgZmlsbD0ibm9uZSIgdmlld0JveD0iMCAwIDQ4IDQ4Ij48bWFzayBpZD0iYSIgd2lkdGg9IjQ4IiBoZWlnaHQ9IjQ4IiB4PSIwIiB5PSIwIiBtYXNrVW5pdHM9InVzZXJTcGFjZU9uVXNlIiBzdHlsZT0ibWFzay10eXBlOmFscGhhIj48cGF0aCBmaWxsPSIjRDlEOUQ5IiBkPSJNMCAwaDQ4djQ4SDB6Ii8+PC9tYXNrPjxnIG1hc2s9InVybCgjYSkiPjxwYXRoIGZpbGw9IiMxQzFCMUYiIGQ9Ik0yNCA0NGMtMi44MzMgMC01LjQ2Ny0uNTA4LTcuOS0xLjUyNS0yLjQzMy0xLjAxNy00LjU1LTIuNDI1LTYuMzUtNC4yMjUtMS44LTEuOC0zLjIwOC0zLjkxNy00LjIyNS02LjM1QzQuNTA4IDI5LjQ2NyA0IDI2LjgzMyA0IDI0YzAtMi44LjUwOC01LjQxNyAxLjUyNS03Ljg1UzcuOTUgMTEuNiA5Ljc1IDkuOGMxLjgtMS44IDMuOTE3LTMuMjE3IDYuMzUtNC4yNVMyMS4xNjcgNCAyNCA0YzIuNSAwIDQuODMzLjQgNyAxLjIgMi4xNjcuOCA0LjExNyAxLjkgNS44NSAzLjNsLTIuMTUgMi4xNWExNi43MzIgMTYuNzMyIDAgMCAwLTQuOS0yLjdDMjggNy4zMTcgMjYuMDY3IDcgMjQgN2MtNC44MzMgMC04Ljg3NSAxLjYyNS0xMi4xMjUgNC44NzVTNyAxOS4xNjcgNyAyNHMxLjYyNSA4Ljg3NSA0Ljg3NSAxMi4xMjVTMTkuMTY3IDQxIDI0IDQxczguODc1LTEuNjI1IDEyLjEyNS00Ljg3NVM0MSAyOC44MzMgNDEgMjRjMC0xLS4wNzUtMS45NzUtLjIyNS0yLjkyNS0uMTUtLjk1LS4zNzUtMS44NzUtLjY3NS0yLjc3NWwyLjMtMi4zYTE5LjEyMiAxOS4xMjIgMCAwIDEgMS4yIDMuODVjLjI2NyAxLjMzMy40IDIuNzE3LjQgNC4xNSAwIDIuODMzLS41MTcgNS40NjctMS41NSA3LjktMS4wMzMgMi40MzMtMi40NSA0LjU1LTQuMjUgNi4zNS0xLjggMS44LTMuOTE3IDMuMjA4LTYuMzUgNC4yMjVDMjkuNDE3IDQzLjQ5MiAyNi44IDQ0IDI0IDQ0Wm0tMi45NS0xMC45LTguMjUtOC4zIDIuMjUtMi4yNSA2IDYgMjAuNy0yMC43IDIuMyAyLjI1LTIzIDIzWiIvPjwvZz48L3N2Zz4=\" alt=\"\" style=\"object-fit:cover\"\/><\/figure>\n\n\n\n<div class=\"wp-block-group wp-container-content-958eb9dc has-global-padding is-layout-constrained wp-block-group-is-layout-constrained\">\n<h3 class=\"wp-block-heading\" style=\"font-size:clamp(14px, 0.875rem + ((1vw - 3.2px) * 0.625), 20px);line-height:1.5\">Community och n\u00e4tverksbyggande<\/h3>\n\n\n\n<p class=\"has-small-font-size\" style=\"margin-top:4px\">Genom v\u00e5r exklusiva plattform och slutna medlemsgrupp kan CFO:er utbyta erfarenheter, f\u00e5 insikter och samarbeta f\u00f6r att driva innovation inom sina organisationer.<\/p>\n<\/div>\n<\/div>\n\n\n\n<div class=\"wp-block-group is-nowrap is-layout-flex wp-container-core-group-is-layout-501511a6 wp-block-group-is-layout-flex\">\n<figure class=\"wp-block-image size-large ext-aspect-landscape wp-duotone-primary-foreground\"><img decoding=\"async\" src=\"data:image\/svg+xml;base64,PHN2ZyB4bWxucz0iaHR0cDovL3d3dy53My5vcmcvMjAwMC9zdmciIHdpZHRoPSI0OCIgaGVpZ2h0PSI0OCIgZmlsbD0ibm9uZSIgdmlld0JveD0iMCAwIDQ4IDQ4Ij48bWFzayBpZD0iYSIgd2lkdGg9IjQ4IiBoZWlnaHQ9IjQ4IiB4PSIwIiB5PSIwIiBtYXNrVW5pdHM9InVzZXJTcGFjZU9uVXNlIiBzdHlsZT0ibWFzay10eXBlOmFscGhhIj48cGF0aCBmaWxsPSIjRDlEOUQ5IiBkPSJNMCAwaDQ4djQ4SDB6Ii8+PC9tYXNrPjxnIG1hc2s9InVybCgjYSkiPjxwYXRoIGZpbGw9IiMxQzFCMUYiIGQ9Ik0yNCA0NGMtMi44MzMgMC01LjQ2Ny0uNTA4LTcuOS0xLjUyNS0yLjQzMy0xLjAxNy00LjU1LTIuNDI1LTYuMzUtNC4yMjUtMS44LTEuOC0zLjIwOC0zLjkxNy00LjIyNS02LjM1QzQuNTA4IDI5LjQ2NyA0IDI2LjgzMyA0IDI0YzAtMi44LjUwOC01LjQxNyAxLjUyNS03Ljg1UzcuOTUgMTEuNiA5Ljc1IDkuOGMxLjgtMS44IDMuOTE3LTMuMjE3IDYuMzUtNC4yNVMyMS4xNjcgNCAyNCA0YzIuNSAwIDQuODMzLjQgNyAxLjIgMi4xNjcuOCA0LjExNyAxLjkgNS44NSAzLjNsLTIuMTUgMi4xNWExNi43MzIgMTYuNzMyIDAgMCAwLTQuOS0yLjdDMjggNy4zMTcgMjYuMDY3IDcgMjQgN2MtNC44MzMgMC04Ljg3NSAxLjYyNS0xMi4xMjUgNC44NzVTNyAxOS4xNjcgNyAyNHMxLjYyNSA4Ljg3NSA0Ljg3NSAxMi4xMjVTMTkuMTY3IDQxIDI0IDQxczguODc1LTEuNjI1IDEyLjEyNS00Ljg3NVM0MSAyOC44MzMgNDEgMjRjMC0xLS4wNzUtMS45NzUtLjIyNS0yLjkyNS0uMTUtLjk1LS4zNzUtMS44NzUtLjY3NS0yLjc3NWwyLjMtMi4zYTE5LjEyMiAxOS4xMjIgMCAwIDEgMS4yIDMuODVjLjI2NyAxLjMzMy40IDIuNzE3LjQgNC4xNSAwIDIuODMzLS41MTcgNS40NjctMS41NSA3LjktMS4wMzMgMi40MzMtMi40NSA0LjU1LTQuMjUgNi4zNS0xLjggMS44LTMuOTE3IDMuMjA4LTYuMzUgNC4yMjVDMjkuNDE3IDQzLjQ5MiAyNi44IDQ0IDI0IDQ0Wm0tMi45NS0xMC45LTguMjUtOC4zIDIuMjUtMi4yNSA2IDYgMjAuNy0yMC43IDIuMyAyLjI1LTIzIDIzWiIvPjwvZz48L3N2Zz4=\" alt=\"\" style=\"object-fit:cover\"\/><\/figure>\n\n\n\n<div class=\"wp-block-group wp-container-content-958eb9dc has-global-padding is-layout-constrained wp-block-group-is-layout-constrained\">\n<h3 class=\"wp-block-heading\" style=\"font-size:clamp(14px, 0.875rem + ((1vw - 3.2px) * 0.625), 20px);line-height:1.5\">Utbildning och digitala resurser<\/h3>\n\n\n\n<p class=\"has-small-font-size\" style=\"margin-top:4px\">Vi tillhandah\u00e5ller utbildningsmaterial och verktyg som st\u00e4rker CFO:ers kompetens inom digitalisering och informationshantering f\u00f6r att m\u00f6ta framtidens utmaningar.<\/p>\n<\/div>\n<\/div>\n\n\n\n<div class=\"wp-block-buttons is-content-justification-left is-layout-flex wp-container-core-buttons-is-layout-e71dbd94 wp-block-buttons-is-layout-flex\" style=\"margin-top:var(--wp--preset--spacing--50)\">\n<div class=\"wp-block-button has-custom-width wp-block-button__width-100\"><a class=\"wp-block-button__link wp-element-button\" href=\"https:\/\/im4cfo.innovationacademy.se\/blogg\">L\u00e4s mer<\/a><\/div>\n<\/div>\n<\/div>\n<\/div>\n\n\n\n<div class=\"wp-block-column is-layout-flow wp-block-column-is-layout-flow\">\n<div class=\"wp-block-cover\" style=\"border-top-left-radius:1rem;border-top-right-radius:1rem;border-bottom-left-radius:1rem;border-bottom-right-radius:1rem;min-height:100%;aspect-ratio:unset;\"><img loading=\"lazy\" decoding=\"async\" width=\"1440\" height=\"960\" class=\"wp-block-cover__image-background wp-image-81\" alt=\"\" src=\"https:\/\/im4cfo.innovationacademy.se\/wp-content\/uploads\/2025\/10\/901d3206629330f3fe3e563929241f7437cfc8b5.jpg\" data-object-fit=\"cover\" srcset=\"https:\/\/im4cfo.innovationacademy.se\/wp-content\/uploads\/2025\/10\/901d3206629330f3fe3e563929241f7437cfc8b5.jpg 1440w, https:\/\/im4cfo.innovationacademy.se\/wp-content\/uploads\/2025\/10\/901d3206629330f3fe3e563929241f7437cfc8b5-300x200.jpg 300w, https:\/\/im4cfo.innovationacademy.se\/wp-content\/uploads\/2025\/10\/901d3206629330f3fe3e563929241f7437cfc8b5-1024x683.jpg 1024w, https:\/\/im4cfo.innovationacademy.se\/wp-content\/uploads\/2025\/10\/901d3206629330f3fe3e563929241f7437cfc8b5-768x512.jpg 768w, https:\/\/im4cfo.innovationacademy.se\/wp-content\/uploads\/2025\/10\/901d3206629330f3fe3e563929241f7437cfc8b5-18x12.jpg 18w\" sizes=\"auto, (max-width: 1440px) 100vw, 1440px\" \/><span aria-hidden=\"true\" class=\"wp-block-cover__background has-background-dim-0 has-background-dim\"><\/span><div class=\"wp-block-cover__inner-container is-layout-flow wp-block-cover-is-layout-flow\">\n<div style=\"height:380px\" aria-hidden=\"true\" class=\"wp-block-spacer\"><\/div>\n<\/div><\/div>\n<\/div>\n<\/div>\n<\/div>\n\n<div class=\"wp-block-group alignfull has-background-background-color has-background has-global-padding is-layout-constrained wp-container-core-group-is-layout-7276a2bb wp-block-group-is-layout-constrained\" style=\"margin-top:0;margin-bottom:0;padding-top:var(--wp--preset--spacing--60);padding-right:var(--wp--preset--spacing--30);padding-bottom:var(--wp--preset--spacing--60);padding-left:var(--wp--preset--spacing--30)\">\n<div class=\"wp-block-group alignwide has-tertiary-background-color has-background is-content-justification-space-between is-layout-flex wp-container-core-group-is-layout-4be20cc5 wp-block-group-is-layout-flex\" style=\"border-radius:1rem;padding-top:var(--wp--preset--spacing--50);padding-right:var(--wp--preset--spacing--50);padding-bottom:var(--wp--preset--spacing--50);padding-left:var(--wp--preset--spacing--50)\">\n<div class=\"wp-block-group has-global-padding is-layout-constrained wp-block-group-is-layout-constrained\">\n<h2 class=\"wp-block-heading has-large-font-size\">Innovation och digitalisering f\u00f6r CFO<\/h2>\n\n\n\n<p style=\"margin-top:16px\">G\u00e5 med i v\u00e5r community f\u00f6r att ta del av insikter och n\u00e4tverk som st\u00e4rker ditt innovationsarbete.<\/p>\n<\/div>\n\n\n\n<div class=\"wp-block-buttons is-content-justification-left is-layout-flex wp-container-core-buttons-is-layout-82056a45 wp-block-buttons-is-layout-flex\">\n<div class=\"wp-block-button\"><a class=\"wp-block-button__link wp-element-button\" href=\"https:\/\/im4cfo.innovationacademy.se\/kontakt\">L\u00e4s vidare<\/a><\/div>\n<\/div>\n<\/div>\n<\/div>\n","protected":false},"excerpt":{"rendered":"<p>Tj\u00e4nster Din gemenskap f\u00f6r innovationsledning Utforska v\u00e5rt utbud av tj\u00e4nster som st\u00f6der CFO:er i att driva innovation och digital transformation. Innovationstrategi Vi hj\u00e4lper dig skapa effektiva strategier f\u00f6r att leda innovation inom ekonomifunktionen. Digitaliseringsr\u00e5dgivning Skr\u00e4ddarsydd r\u00e5dgivning f\u00f6r att optimera digitala processer och informationshantering. Community &amp; N\u00e4tverk En exklusiv medlemsgrupp f\u00f6r kunskapsutbyte och samarbete bland ekonomichefer. [&hellip;]<\/p>\n","protected":false},"author":1,"featured_media":0,"parent":28,"menu_order":0,"comment_status":"closed","ping_status":"closed","template":"no-title","meta":{"footnotes":""},"class_list":["post-23","page","type-page","status-publish","hentry"],"aioseo_notices":[],"_links":{"self":[{"href":"https:\/\/im4cfo.innovationacademy.se\/sv\/wp-json\/wp\/v2\/pages\/23","targetHints":{"allow":["GET"]}}],"collection":[{"href":"https:\/\/im4cfo.innovationacademy.se\/sv\/wp-json\/wp\/v2\/pages"}],"about":[{"href":"https:\/\/im4cfo.innovationacademy.se\/sv\/wp-json\/wp\/v2\/types\/page"}],"author":[{"embeddable":true,"href":"https:\/\/im4cfo.innovationacademy.se\/sv\/wp-json\/wp\/v2\/users\/1"}],"replies":[{"embeddable":true,"href":"https:\/\/im4cfo.innovationacademy.se\/sv\/wp-json\/wp\/v2\/comments?post=23"}],"version-history":[{"count":2,"href":"https:\/\/im4cfo.innovationacademy.se\/sv\/wp-json\/wp\/v2\/pages\/23\/revisions"}],"predecessor-version":[{"id":82,"href":"https:\/\/im4cfo.innovationacademy.se\/sv\/wp-json\/wp\/v2\/pages\/23\/revisions\/82"}],"up":[{"embeddable":true,"href":"https:\/\/im4cfo.innovationacademy.se\/sv\/wp-json\/wp\/v2\/pages\/28"}],"wp:attachment":[{"href":"https:\/\/im4cfo.innovationacademy.se\/sv\/wp-json\/wp\/v2\/media?parent=23"}],"curies":[{"name":"wp","href":"https:\/\/api.w.org\/{rel}","templated":true}]}}